{"id":22,"date":"2023-05-25T17:19:30","date_gmt":"2023-05-25T15:19:30","guid":{"rendered":"https:\/\/zapih.fr\/?page_id=22"},"modified":"2023-05-29T12:43:47","modified_gmt":"2023-05-29T10:43:47","slug":"accueil","status":"publish","type":"page","link":"https:\/\/zapih.fr\/","title":{"rendered":"Accueil"},"content":{"rendered":"\t\t<div data-elementor-type=\"wp-page\" data-elementor-id=\"22\" class=\"elementor elementor-22\">\n\t\t\t\t\t\t<section class=\"elementor-section elementor-top-section elementor-element elementor-element-e4d87a0 elementor-section-height-min-height elementor-section-boxed elementor-section-height-default elementor-section-items-middle\" data-id=\"e4d87a0\" data-element_type=\"section\" data-settings=\"{&quot;background_background&quot;:&quot;classic&quot;,&quot;_ha_eqh_enable&quot;:false}\">\n\t\t\t\t\t\t\t<div class=\"elementor-background-overlay\"><\/div>\n\t\t\t\t\t\t\t<div class=\"elementor-container elementor-column-gap-default\">\n\t\t\t\t\t<div class=\"elementor-column elementor-col-100 elementor-top-column elementor-element elementor-element-83188e1\" data-id=\"83188e1\" data-element_type=\"column\">\n\t\t\t<div class=\"elementor-widget-wrap elementor-element-populated\">\n\t\t\t\t\t\t<div class=\"elementor-element elementor-element-89af9b9 ha-css-transform-yes animated-slow elementor-invisible elementor-widget elementor-widget-heading\" data-id=\"89af9b9\" data-element_type=\"widget\" data-settings=\"{&quot;_animation&quot;:&quot;fadeInDown&quot;}\" data-widget_type=\"heading.default\">\n\t\t\t\t<div class=\"elementor-widget-container\">\n\t\t\t<style>\/*! elementor - v3.23.0 - 05-08-2024 *\/\n.elementor-heading-title{padding:0;margin:0;line-height:1}.elementor-widget-heading .elementor-heading-title[class*=elementor-size-]>a{color:inherit;font-size:inherit;line-height:inherit}.elementor-widget-heading .elementor-heading-title.elementor-size-small{font-size:15px}.elementor-widget-heading .elementor-heading-title.elementor-size-medium{font-size:19px}.elementor-widget-heading .elementor-heading-title.elementor-size-large{font-size:29px}.elementor-widget-heading .elementor-heading-title.elementor-size-xl{font-size:39px}.elementor-widget-heading .elementor-heading-title.elementor-size-xxl{font-size:59px}<\/style><h1 class=\"elementor-heading-title elementor-size-default\">COUSSINS &amp; ACCESSOIRES TISSUS<\/h1>\t\t<\/div>\n\t\t\t\t<\/div>\n\t\t\t\t<div class=\"elementor-element elementor-element-88a42e6 animated-slow elementor-invisible elementor-widget elementor-widget-ucaddon_text_rotator\" data-id=\"88a42e6\" data-element_type=\"widget\" data-settings=\"{&quot;_animation&quot;:&quot;fadeInDown&quot;}\" data-widget_type=\"ucaddon_text_rotator.default\">\n\t\t\t\t<div class=\"elementor-widget-container\">\n\t\t\t<!-- start Text Rotator -->\n\t\t<link id='uc_ac_assets_file_morphext_css_52-css' href='https:\/\/zapih.fr\/wp-content\/uploads\/ac_assets\/Text Rotator\/morphext.css' type='text\/css' rel='stylesheet' >\n\t\t<link id='uc_ac_assets_file_animate_css_77907-css' href='https:\/\/zapih.fr\/wp-content\/uploads\/ac_assets\/Text Rotator\/animate.css' type='text\/css' rel='stylesheet' >\n\n\t\t\t<style type=\"text\/css\">\/* widget: Text Rotator *\/\n\n#uc_text_rotator_elementor_88a42e6 span.string\n{\n  display:inline;\n} \n\n\n\n<\/style>\n\n\t\t\t<div style=\"text-align:center;\" id=\"uc_text_rotator_elementor_88a42e6\">\n  <span class=\"string beginning_text_typography\" ><\/span> \n  <span class=\"string\">\n    <span class=\"js-rotating middle_text_typography\">\n                     \ud83c\uddeb\ud83c\uddf7  Fran\u00e7ais\n\n<span style=\"display: none;\">, Faits main<\/span>\n\n<span style=\"display: none;\">, Color\u00e9s<\/span>\n\n<span style=\"display: none;\">, Naturels<\/span>\n\n  \n            <\/span>\n  <\/span> \n  <span class=\"string ending_text_typography\"><\/span>\n<\/div>\n\t\t\t<!-- end Text Rotator -->\t\t<\/div>\n\t\t\t\t<\/div>\n\t\t\t\t<div data-ha-element-link=\"{&quot;url&quot;:&quot;https:\\\/\\\/zapih.fr\\\/wp-admin\\\/post.php?post=6&amp;action=edit&quot;,&quot;is_external&quot;:&quot;&quot;,&quot;nofollow&quot;:&quot;&quot;,&quot;custom_attributes&quot;:&quot;&quot;}\" style=\"cursor: pointer\" class=\"elementor-element elementor-element-d476fdb elementor-align-center animated-slow elementor-invisible elementor-widget elementor-widget-button\" data-id=\"d476fdb\" data-element_type=\"widget\" data-settings=\"{&quot;_animation&quot;:&quot;fadeInDown&quot;}\" data-widget_type=\"button.default\">\n\t\t\t\t<div class=\"elementor-widget-container\">\n\t\t\t\t\t<div class=\"elementor-button-wrapper\">\n\t\t\t<a class=\"elementor-button elementor-button-link elementor-size-sm elementor-animation-bob\" href=\"#\">\n\t\t\t\t\t\t<span class=\"elementor-button-content-wrapper\">\n\t\t\t\t\t\t\t\t\t<span class=\"elementor-button-text\">D\u00e9couvrir<\/span>\n\t\t\t\t\t<\/span>\n\t\t\t\t\t<\/a>\n\t\t<\/div>\n\t\t\t\t<\/div>\n\t\t\t\t<\/div>\n\t\t\t\t\t<\/div>\n\t\t<\/div>\n\t\t\t\t\t<\/div>\n\t\t<\/section>\n\t\t\t\t<section class=\"elementor-section elementor-top-section elementor-element elementor-element-344420c elementor-section-full_width elementor-section-height-default elementor-section-height-default\" data-id=\"344420c\" data-element_type=\"section\" data-settings=\"{&quot;_ha_eqh_enable&quot;:false}\">\n\t\t\t\t\t\t<div class=\"elementor-container elementor-column-gap-default\">\n\t\t\t\t\t<div class=\"elementor-column elementor-col-100 elementor-top-column elementor-element elementor-element-666e66f\" data-id=\"666e66f\" data-element_type=\"column\" data-settings=\"{&quot;background_background&quot;:&quot;classic&quot;}\">\n\t\t\t<div class=\"elementor-widget-wrap elementor-element-populated\">\n\t\t\t\t\t<div class=\"elementor-background-overlay\"><\/div>\n\t\t\t\t\t\t<div class=\"elementor-element elementor-element-730138a elementor-widget__width-initial elementor-widget elementor-widget-heading\" data-id=\"730138a\" data-element_type=\"widget\" data-widget_type=\"heading.default\">\n\t\t\t\t<div class=\"elementor-widget-container\">\n\t\t\t<h4 class=\"elementor-heading-title elementor-size-default\">NOTRE S\u00c9LECTION<\/h4>\t\t<\/div>\n\t\t\t\t<\/div>\n\t\t\t\t<div data-ha-element-link=\"{&quot;url&quot;:&quot;https:\\\/\\\/zapih.fr\\\/wp-admin\\\/post.php?post=6&amp;action=edit&quot;,&quot;is_external&quot;:&quot;&quot;,&quot;nofollow&quot;:&quot;&quot;,&quot;custom_attributes&quot;:&quot;&quot;}\" style=\"cursor: pointer\" class=\"elementor-element elementor-element-ffcbbcb elementor-widget__width-initial ha-card--top ha-card--tablet-top ha-card--mobile-top elementor-widget elementor-widget-ha-card happy-addon ha-card\" data-id=\"ffcbbcb\" data-element_type=\"widget\" data-widget_type=\"ha-card.default\">\n\t\t\t\t<div class=\"elementor-widget-container\">\n\t\t\t\n\t\t\t\t\t<figure class=\"ha-card-figure\">\n\t\t\t\t<img fetchpriority=\"high\" width=\"650\" height=\"650\" src=\"https:\/\/zapih.fr\/wp-content\/uploads\/2023\/05\/pexels-julia-sakelli-1342492-650x650.jpg\" class=\"elementor-animation-hang attachment-qi_addons_for_elementor_image_size_square size-qi_addons_for_elementor_image_size_square wp-image-89\" alt=\"Coussin 3\" decoding=\"async\" srcset=\"https:\/\/zapih.fr\/wp-content\/uploads\/2023\/05\/pexels-julia-sakelli-1342492-650x650.jpg 650w, https:\/\/zapih.fr\/wp-content\/uploads\/2023\/05\/pexels-julia-sakelli-1342492-150x150.jpg 150w, https:\/\/zapih.fr\/wp-content\/uploads\/2023\/05\/pexels-julia-sakelli-1342492-1300x1300.jpg 1300w, https:\/\/zapih.fr\/wp-content\/uploads\/2023\/05\/pexels-julia-sakelli-1342492-300x300.jpg 300w, https:\/\/zapih.fr\/wp-content\/uploads\/2023\/05\/pexels-julia-sakelli-1342492-100x100.jpg 100w\" sizes=\"(max-width: 650px) 100vw, 650px\" \/>\t\t\t\t\t\t\t<\/figure>\n\t\t\n\t\t<div class=\"ha-card-body\">\n\n\t\t\t<h2 class=\"ha-card-title\">Coussin Cactus<\/h2>\n\t\t\t\t\t\t\t<div class=\"ha-card-text\">\n\t\t\t\t\t<p>50 \u20ac<\/p>\n\t\t\t\t<\/div>\n\t\t\t\n\t\t\t\t\t<\/div>\n\t\t\t\t<\/div>\n\t\t\t\t<\/div>\n\t\t\t\t<div data-ha-element-link=\"{&quot;url&quot;:&quot;https:\\\/\\\/zapih.fr\\\/wp-admin\\\/post.php?post=6&amp;action=edit&quot;,&quot;is_external&quot;:&quot;&quot;,&quot;nofollow&quot;:&quot;&quot;,&quot;custom_attributes&quot;:&quot;&quot;}\" style=\"cursor: pointer\" class=\"elementor-element elementor-element-b98201e elementor-widget__width-initial ha-card--top ha-card--tablet-top ha-card--mobile-top elementor-widget elementor-widget-ha-card happy-addon ha-card\" data-id=\"b98201e\" data-element_type=\"widget\" data-widget_type=\"ha-card.default\">\n\t\t\t\t<div class=\"elementor-widget-container\">\n\t\t\t\n\t\t\t\t\t<figure class=\"ha-card-figure\">\n\t\t\t\t<img width=\"650\" height=\"650\" src=\"https:\/\/zapih.fr\/wp-content\/uploads\/2023\/05\/pexels-designecologist-1248583-650x650.jpg\" class=\"elementor-animation-hang attachment-qi_addons_for_elementor_image_size_square size-qi_addons_for_elementor_image_size_square wp-image-91\" alt=\"Coussin 5\" decoding=\"async\" srcset=\"https:\/\/zapih.fr\/wp-content\/uploads\/2023\/05\/pexels-designecologist-1248583-650x650.jpg 650w, https:\/\/zapih.fr\/wp-content\/uploads\/2023\/05\/pexels-designecologist-1248583-150x150.jpg 150w, https:\/\/zapih.fr\/wp-content\/uploads\/2023\/05\/pexels-designecologist-1248583-1300x1300.jpg 1300w, https:\/\/zapih.fr\/wp-content\/uploads\/2023\/05\/pexels-designecologist-1248583-300x300.jpg 300w, https:\/\/zapih.fr\/wp-content\/uploads\/2023\/05\/pexels-designecologist-1248583-100x100.jpg 100w\" sizes=\"(max-width: 650px) 100vw, 650px\" \/>\t\t\t\t\t\t\t<\/figure>\n\t\t\n\t\t<div class=\"ha-card-body\">\n\n\t\t\t<h2 class=\"ha-card-title\">Coussin Cactus<\/h2>\n\t\t\t\t\t\t\t<div class=\"ha-card-text\">\n\t\t\t\t\t<p>50 \u20ac<\/p>\n\t\t\t\t<\/div>\n\t\t\t\n\t\t\t\t\t<\/div>\n\t\t\t\t<\/div>\n\t\t\t\t<\/div>\n\t\t\t\t<div data-ha-element-link=\"{&quot;url&quot;:&quot;https:\\\/\\\/zapih.fr\\\/wp-admin\\\/post.php?post=6&amp;action=edit&quot;,&quot;is_external&quot;:&quot;&quot;,&quot;nofollow&quot;:&quot;&quot;,&quot;custom_attributes&quot;:&quot;&quot;}\" style=\"cursor: pointer\" class=\"elementor-element elementor-element-ae9347d elementor-widget__width-initial ha-card--top ha-card--tablet-top ha-card--mobile-top elementor-widget elementor-widget-ha-card happy-addon ha-card\" data-id=\"ae9347d\" data-element_type=\"widget\" data-widget_type=\"ha-card.default\">\n\t\t\t\t<div class=\"elementor-widget-container\">\n\t\t\t\n\t\t\t\t\t<figure class=\"ha-card-figure\">\n\t\t\t\t<img width=\"650\" height=\"650\" src=\"https:\/\/zapih.fr\/wp-content\/uploads\/2023\/05\/pexels-stephanie-ho-994172-650x650.jpg\" class=\"elementor-animation-hang attachment-qi_addons_for_elementor_image_size_square size-qi_addons_for_elementor_image_size_square wp-image-88\" alt=\"Coussin 2\" decoding=\"async\" srcset=\"https:\/\/zapih.fr\/wp-content\/uploads\/2023\/05\/pexels-stephanie-ho-994172-650x650.jpg 650w, https:\/\/zapih.fr\/wp-content\/uploads\/2023\/05\/pexels-stephanie-ho-994172-300x300.jpg 300w, https:\/\/zapih.fr\/wp-content\/uploads\/2023\/05\/pexels-stephanie-ho-994172-1024x1024.jpg 1024w, https:\/\/zapih.fr\/wp-content\/uploads\/2023\/05\/pexels-stephanie-ho-994172-150x150.jpg 150w, https:\/\/zapih.fr\/wp-content\/uploads\/2023\/05\/pexels-stephanie-ho-994172-768x768.jpg 768w, https:\/\/zapih.fr\/wp-content\/uploads\/2023\/05\/pexels-stephanie-ho-994172-1536x1536.jpg 1536w, https:\/\/zapih.fr\/wp-content\/uploads\/2023\/05\/pexels-stephanie-ho-994172-2048x2048.jpg 2048w, https:\/\/zapih.fr\/wp-content\/uploads\/2023\/05\/pexels-stephanie-ho-994172-1300x1300.jpg 1300w, https:\/\/zapih.fr\/wp-content\/uploads\/2023\/05\/pexels-stephanie-ho-994172-600x600.jpg 600w, https:\/\/zapih.fr\/wp-content\/uploads\/2023\/05\/pexels-stephanie-ho-994172-100x100.jpg 100w\" sizes=\"(max-width: 650px) 100vw, 650px\" \/>\t\t\t\t\t\t\t<\/figure>\n\t\t\n\t\t<div class=\"ha-card-body\">\n\n\t\t\t<h2 class=\"ha-card-title\">Coussin Cactus<\/h2>\n\t\t\t\t\t\t\t<div class=\"ha-card-text\">\n\t\t\t\t\t<p>50 \u20ac<\/p>\n\t\t\t\t<\/div>\n\t\t\t\n\t\t\t\t\t<\/div>\n\t\t\t\t<\/div>\n\t\t\t\t<\/div>\n\t\t\t\t<div data-ha-element-link=\"{&quot;url&quot;:&quot;https:\\\/\\\/zapih.fr\\\/wp-admin\\\/post.php?post=6&amp;action=edit&quot;,&quot;is_external&quot;:&quot;&quot;,&quot;nofollow&quot;:&quot;&quot;,&quot;custom_attributes&quot;:&quot;&quot;}\" style=\"cursor: pointer\" class=\"elementor-element elementor-element-1e81dad elementor-widget__width-initial ha-card--top ha-card--tablet-top ha-card--mobile-top elementor-widget elementor-widget-ha-card happy-addon ha-card\" data-id=\"1e81dad\" data-element_type=\"widget\" data-widget_type=\"ha-card.default\">\n\t\t\t\t<div class=\"elementor-widget-container\">\n\t\t\t\n\t\t\t\t\t<figure class=\"ha-card-figure\">\n\t\t\t\t<img loading=\"lazy\" width=\"650\" height=\"650\" src=\"https:\/\/zapih.fr\/wp-content\/uploads\/2023\/05\/pexels-designecologist-1239221-650x650.jpg\" class=\"elementor-animation-hang attachment-qi_addons_for_elementor_image_size_square size-qi_addons_for_elementor_image_size_square wp-image-90\" alt=\"Coussin 4\" decoding=\"async\" srcset=\"https:\/\/zapih.fr\/wp-content\/uploads\/2023\/05\/pexels-designecologist-1239221-650x650.jpg 650w, https:\/\/zapih.fr\/wp-content\/uploads\/2023\/05\/pexels-designecologist-1239221-150x150.jpg 150w, https:\/\/zapih.fr\/wp-content\/uploads\/2023\/05\/pexels-designecologist-1239221-1300x1300.jpg 1300w, https:\/\/zapih.fr\/wp-content\/uploads\/2023\/05\/pexels-designecologist-1239221-300x300.jpg 300w, https:\/\/zapih.fr\/wp-content\/uploads\/2023\/05\/pexels-designecologist-1239221-100x100.jpg 100w\" sizes=\"(max-width: 650px) 100vw, 650px\" \/>\t\t\t\t\t\t\t<\/figure>\n\t\t\n\t\t<div class=\"ha-card-body\">\n\n\t\t\t<h2 class=\"ha-card-title\">Coussin Cactus<\/h2>\n\t\t\t\t\t\t\t<div class=\"ha-card-text\">\n\t\t\t\t\t<p>50 \u20ac<\/p>\n\t\t\t\t<\/div>\n\t\t\t\n\t\t\t\t\t<\/div>\n\t\t\t\t<\/div>\n\t\t\t\t<\/div>\n\t\t\t\t<div data-ha-element-link=\"{&quot;url&quot;:&quot;https:\\\/\\\/zapih.fr\\\/wp-admin\\\/post.php?post=6&amp;action=edit&quot;,&quot;is_external&quot;:&quot;&quot;,&quot;nofollow&quot;:&quot;&quot;,&quot;custom_attributes&quot;:&quot;&quot;}\" style=\"cursor: pointer\" class=\"elementor-element elementor-element-c572e66 elementor-align-center animated-slow elementor-invisible elementor-widget elementor-widget-button\" data-id=\"c572e66\" data-element_type=\"widget\" data-settings=\"{&quot;_animation&quot;:&quot;fadeInDown&quot;}\" data-widget_type=\"button.default\">\n\t\t\t\t<div class=\"elementor-widget-container\">\n\t\t\t\t\t<div class=\"elementor-button-wrapper\">\n\t\t\t<a class=\"elementor-button elementor-button-link elementor-size-sm elementor-animation-bob\" href=\"#\">\n\t\t\t\t\t\t<span class=\"elementor-button-content-wrapper\">\n\t\t\t\t\t\t\t\t\t<span class=\"elementor-button-text\">Voir plus<\/span>\n\t\t\t\t\t<\/span>\n\t\t\t\t\t<\/a>\n\t\t<\/div>\n\t\t\t\t<\/div>\n\t\t\t\t<\/div>\n\t\t\t\t\t<\/div>\n\t\t<\/div>\n\t\t\t\t\t<\/div>\n\t\t<\/section>\n\t\t\t\t<section class=\"elementor-section elementor-top-section elementor-element elementor-element-593e436 elementor-section-boxed elementor-section-height-default elementor-section-height-default\" data-id=\"593e436\" data-element_type=\"section\" data-settings=\"{&quot;_ha_eqh_enable&quot;:false}\">\n\t\t\t\t\t\t<div class=\"elementor-container elementor-column-gap-default\">\n\t\t\t\t\t<div class=\"elementor-column elementor-col-100 elementor-top-column elementor-element elementor-element-83c4058\" data-id=\"83c4058\" data-element_type=\"column\">\n\t\t\t<div class=\"elementor-widget-wrap elementor-element-populated\">\n\t\t\t\t\t\t<div class=\"elementor-element elementor-element-2de3c37 elementor-position-left elementor-widget__width-initial elementor-view-default elementor-mobile-position-top elementor-vertical-align-top elementor-widget elementor-widget-icon-box\" data-id=\"2de3c37\" data-element_type=\"widget\" data-widget_type=\"icon-box.default\">\n\t\t\t\t<div class=\"elementor-widget-container\">\n\t\t\t<link rel=\"stylesheet\" href=\"https:\/\/zapih.fr\/wp-content\/plugins\/elementor\/assets\/css\/widget-icon-box.min.css\">\t\t<div class=\"elementor-icon-box-wrapper\">\n\n\t\t\t\t\t\t<div class=\"elementor-icon-box-icon\">\n\t\t\t\t<span  class=\"elementor-icon elementor-animation-\">\n\t\t\t\t<i aria-hidden=\"true\" class=\"fas fa-lock\"><\/i>\t\t\t\t<\/span>\n\t\t\t<\/div>\n\t\t\t\n\t\t\t\t\t\t<div class=\"elementor-icon-box-content\">\n\n\t\t\t\t\t\t\t\t\t<h6 class=\"elementor-icon-box-title\">\n\t\t\t\t\t\t<span  >\n\t\t\t\t\t\t\tPAIEMENT S\u00c9CURIS\u00c9\t\t\t\t\t\t<\/span>\n\t\t\t\t\t<\/h6>\n\t\t\t\t\n\t\t\t\t\t\t\t\t\t<p class=\"elementor-icon-box-description\">\n\t\t\t\t\t\tPaiement en ligne 100% s\u00e9curis\u00e9 gr\u00e2ce \u00e0 l'encryptement SSL.\t\t\t\t\t<\/p>\n\t\t\t\t\n\t\t\t<\/div>\n\t\t\t\n\t\t<\/div>\n\t\t\t\t<\/div>\n\t\t\t\t<\/div>\n\t\t\t\t<div class=\"elementor-element elementor-element-ff99d1b elementor-position-left elementor-widget__width-initial elementor-view-default elementor-mobile-position-top elementor-vertical-align-top elementor-widget elementor-widget-icon-box\" data-id=\"ff99d1b\" data-element_type=\"widget\" data-widget_type=\"icon-box.default\">\n\t\t\t\t<div class=\"elementor-widget-container\">\n\t\t\t\t\t<div class=\"elementor-icon-box-wrapper\">\n\n\t\t\t\t\t\t<div class=\"elementor-icon-box-icon\">\n\t\t\t\t<span  class=\"elementor-icon elementor-animation-\">\n\t\t\t\t<i aria-hidden=\"true\" class=\"fas fa-truck\"><\/i>\t\t\t\t<\/span>\n\t\t\t<\/div>\n\t\t\t\n\t\t\t\t\t\t<div class=\"elementor-icon-box-content\">\n\n\t\t\t\t\t\t\t\t\t<h6 class=\"elementor-icon-box-title\">\n\t\t\t\t\t\t<span  >\n\t\t\t\t\t\t\tLIVRAISON GRATUITE\t\t\t\t\t\t<\/span>\n\t\t\t\t\t<\/h6>\n\t\t\t\t\n\t\t\t\t\t\t\t\t\t<p class=\"elementor-icon-box-description\">\n\t\t\t\t\t\tPour toute commande sup\u00e9rieure \u00e0 150\u20ac.\t\t\t\t\t<\/p>\n\t\t\t\t\n\t\t\t<\/div>\n\t\t\t\n\t\t<\/div>\n\t\t\t\t<\/div>\n\t\t\t\t<\/div>\n\t\t\t\t<div class=\"elementor-element elementor-element-4cb16fd elementor-position-left elementor-widget__width-initial elementor-view-default elementor-mobile-position-top elementor-vertical-align-top elementor-widget elementor-widget-icon-box\" data-id=\"4cb16fd\" data-element_type=\"widget\" data-widget_type=\"icon-box.default\">\n\t\t\t\t<div class=\"elementor-widget-container\">\n\t\t\t\t\t<div class=\"elementor-icon-box-wrapper\">\n\n\t\t\t\t\t\t<div class=\"elementor-icon-box-icon\">\n\t\t\t\t<span  class=\"elementor-icon elementor-animation-\">\n\t\t\t\t<i aria-hidden=\"true\" class=\"fas fa-sync\"><\/i>\t\t\t\t<\/span>\n\t\t\t<\/div>\n\t\t\t\n\t\t\t\t\t\t<div class=\"elementor-icon-box-content\">\n\n\t\t\t\t\t\t\t\t\t<h6 class=\"elementor-icon-box-title\">\n\t\t\t\t\t\t<span  >\n\t\t\t\t\t\t\tSATISFAIT OU REMBOURS\u00c9\t\t\t\t\t\t<\/span>\n\t\t\t\t\t<\/h6>\n\t\t\t\t\n\t\t\t\t\t\t\t\t\t<p class=\"elementor-icon-box-description\">\n\t\t\t\t\t\tRetours possibles sous 14 jours.\t\t\t\t\t<\/p>\n\t\t\t\t\n\t\t\t<\/div>\n\t\t\t\n\t\t<\/div>\n\t\t\t\t<\/div>\n\t\t\t\t<\/div>\n\t\t\t\t<div class=\"elementor-element elementor-element-296fdca elementor-position-left elementor-widget__width-initial elementor-view-default elementor-mobile-position-top elementor-vertical-align-top elementor-widget elementor-widget-icon-box\" data-id=\"296fdca\" data-element_type=\"widget\" data-widget_type=\"icon-box.default\">\n\t\t\t\t<div class=\"elementor-widget-container\">\n\t\t\t\t\t<div class=\"elementor-icon-box-wrapper\">\n\n\t\t\t\t\t\t<div class=\"elementor-icon-box-icon\">\n\t\t\t\t<span  class=\"elementor-icon elementor-animation-\">\n\t\t\t\t<i aria-hidden=\"true\" class=\"far fa-comments\"><\/i>\t\t\t\t<\/span>\n\t\t\t<\/div>\n\t\t\t\n\t\t\t\t\t\t<div class=\"elementor-icon-box-content\">\n\n\t\t\t\t\t\t\t\t\t<h6 class=\"elementor-icon-box-title\">\n\t\t\t\t\t\t<span  >\n\t\t\t\t\t\t\tCONTACTEZ-NOUS !\t\t\t\t\t\t<\/span>\n\t\t\t\t\t<\/h6>\n\t\t\t\t\n\t\t\t\t\t\t\t\t\t<p class=\"elementor-icon-box-description\">\n\t\t\t\t\t\tUne question, une demande particuli\u00e8re ? Ecrivez-nous !\t\t\t\t\t<\/p>\n\t\t\t\t\n\t\t\t<\/div>\n\t\t\t\n\t\t<\/div>\n\t\t\t\t<\/div>\n\t\t\t\t<\/div>\n\t\t\t\t\t<\/div>\n\t\t<\/div>\n\t\t\t\t\t<\/div>\n\t\t<\/section>\n\t\t\t\t<section class=\"elementor-section elementor-top-section elementor-element elementor-element-cc682e2 elementor-section-boxed elementor-section-height-default elementor-section-height-default\" data-id=\"cc682e2\" data-element_type=\"section\" data-settings=\"{&quot;background_background&quot;:&quot;classic&quot;,&quot;_ha_eqh_enable&quot;:false}\">\n\t\t\t\t\t\t\t<div class=\"elementor-background-overlay\"><\/div>\n\t\t\t\t\t\t\t<div class=\"elementor-container elementor-column-gap-default\">\n\t\t\t\t\t<div class=\"elementor-column elementor-col-100 elementor-top-column elementor-element elementor-element-44fb6d1\" data-id=\"44fb6d1\" data-element_type=\"column\" data-settings=\"{&quot;background_background&quot;:&quot;classic&quot;}\">\n\t\t\t<div class=\"elementor-widget-wrap elementor-element-populated\">\n\t\t\t\t\t\t<div class=\"elementor-element elementor-element-e8e4e67 ha-css-transform-yes animated-slow elementor-invisible elementor-widget elementor-widget-heading\" data-id=\"e8e4e67\" data-element_type=\"widget\" data-settings=\"{&quot;_animation&quot;:&quot;fadeInDown&quot;}\" data-widget_type=\"heading.default\">\n\t\t\t\t<div class=\"elementor-widget-container\">\n\t\t\t<h1 class=\"elementor-heading-title elementor-size-default\">COUSSINS SUR MESURE<\/h1>\t\t<\/div>\n\t\t\t\t<\/div>\n\t\t\t\t<div class=\"elementor-element elementor-element-112e964 elementor-widget elementor-widget-heading\" data-id=\"112e964\" data-element_type=\"widget\" data-widget_type=\"heading.default\">\n\t\t\t\t<div class=\"elementor-widget-container\">\n\t\t\t<h3 class=\"elementor-heading-title elementor-size-default\">Une forme, des dimensions particuli\u00e8res ?<br><\/h3>\t\t<\/div>\n\t\t\t\t<\/div>\n\t\t\t\t<div class=\"elementor-element elementor-element-baeb3fb elementor-widget elementor-widget-heading\" data-id=\"baeb3fb\" data-element_type=\"widget\" data-widget_type=\"heading.default\">\n\t\t\t\t<div class=\"elementor-widget-container\">\n\t\t\t<h5 class=\"elementor-heading-title elementor-size-default\">Parce que nos coussins sont r\u00e9alis\u00e9s \u00e0 la main, nous pouvons les adapter pour qu'ils correspondent \u00e0 vos envies. <br><br>Contactez-nous pour nous en dire plus !<\/h5>\t\t<\/div>\n\t\t\t\t<\/div>\n\t\t\t\t\t<\/div>\n\t\t<\/div>\n\t\t\t\t\t<\/div>\n\t\t<\/section>\n\t\t\t\t<\/div>\n\t\t","protected":false},"excerpt":{"rendered":"<p>COUSSINS &amp; ACCESSOIRES TISSUS \ud83c\uddeb\ud83c\uddf7 Fran\u00e7ais , Faits main , Color\u00e9s , Naturels D\u00e9couvrir NOTRE S\u00c9LECTION Coussin Cactus 50 \u20ac Coussin Cactus 50 \u20ac Coussin Cactus 50 \u20ac Coussin Cactus 50 \u20ac Voir plus PAIEMENT S\u00c9CURIS\u00c9 Paiement en ligne 100% s\u00e9curis\u00e9 gr\u00e2ce \u00e0 l&#8217;encryptement SSL. LIVRAISON GRATUITE Pour toute commande sup\u00e9rieure \u00e0 150\u20ac. SATISFAIT OU &hellip;<\/p>\n<p class=\"read-more\"> <a class=\"\" href=\"https:\/\/zapih.fr\/\"> <span class=\"screen-reader-text\">Accueil<\/span> Read More &raquo;<\/a><\/p>\n","protected":false},"author":1,"featured_media":0,"parent":0,"menu_order":0,"comment_status":"closed","ping_status":"closed","template":"","meta":{"_mi_skip_tracking":false,"_monsterinsights_sitenote_active":false,"_monsterinsights_sitenote_note":"","_monsterinsights_sitenote_category":0,"site-sidebar-layout":"no-sidebar","site-content-layout":"page-builder","ast-global-header-display":"","ast-banner-title-visibility":"","ast-main-header-display":"","ast-hfb-above-header-display":"","ast-hfb-below-header-display":"","ast-hfb-mobile-header-display":"","site-post-title":"disabled","ast-breadcrumbs-content":"","ast-featured-img":"disabled","footer-sml-layout":"","theme-transparent-header-meta":"","adv-header-id-meta":"","stick-header-meta":"","header-above-stick-meta":"","header-main-stick-meta":"","header-below-stick-meta":""},"aioseo_notices":[],"_links":{"self":[{"href":"https:\/\/zapih.fr\/index.php?rest_route=\/wp\/v2\/pages\/22"}],"collection":[{"href":"https:\/\/zapih.fr\/index.php?rest_route=\/wp\/v2\/pages"}],"about":[{"href":"https:\/\/zapih.fr\/index.php?rest_route=\/wp\/v2\/types\/page"}],"author":[{"embeddable":true,"href":"https:\/\/zapih.fr\/index.php?rest_route=\/wp\/v2\/users\/1"}],"replies":[{"embeddable":true,"href":"https:\/\/zapih.fr\/index.php?rest_route=%2Fwp%2Fv2%2Fcomments&post=22"}],"version-history":[{"count":115,"href":"https:\/\/zapih.fr\/index.php?rest_route=\/wp\/v2\/pages\/22\/revisions"}],"predecessor-version":[{"id":171,"href":"https:\/\/zapih.fr\/index.php?rest_route=\/wp\/v2\/pages\/22\/revisions\/171"}],"wp:attachment":[{"href":"https:\/\/zapih.fr\/index.php?rest_route=%2Fwp%2Fv2%2Fmedia&parent=22"}],"curies":[{"name":"wp","href":"https:\/\/api.w.org\/{rel}","templated":true}]}}